{"id":1283,"date":"2016-12-05T23:03:54","date_gmt":"2016-12-05T22:03:54","guid":{"rendered":"http:\/\/sk08.de\/?page_id=1283"},"modified":"2024-09-24T20:48:54","modified_gmt":"2024-09-24T19:48:54","slug":"startseite","status":"publish","type":"page","link":"https:\/\/sk08.de\/","title":{"rendered":""},"content":{"rendered":"<p>Willkommen beim Sch\u00fctzenkreis R\u00f6der-Mulde e. V.<\/p>\n<p>im S\u00e4chsischen Sch\u00fctzenbund<\/p>\n","protected":false},"excerpt":{"rendered":"<p>Willkommen beim Sch\u00fctzenkreis R\u00f6der-Mulde e. V. im S\u00e4chsischen Sch\u00fctzenbund<\/p>\n","protected":false},"author":2,"featured_media":0,"parent":0,"menu_order":0,"comment_status":"closed","ping_status":"closed","template":"","meta":{"footnotes":""},"class_list":["post-1283","page","type-page","status-publish","hentry"],"_links":{"self":[{"href":"https:\/\/sk08.de\/index.php?rest_route=\/wp\/v2\/pages\/1283","targetHints":{"allow":["GET"]}}],"collection":[{"href":"https:\/\/sk08.de\/index.php?rest_route=\/wp\/v2\/pages"}],"about":[{"href":"https:\/\/sk08.de\/index.php?rest_route=\/wp\/v2\/types\/page"}],"author":[{"embeddable":true,"href":"https:\/\/sk08.de\/index.php?rest_route=\/wp\/v2\/users\/2"}],"replies":[{"embeddable":true,"href":"https:\/\/sk08.de\/index.php?rest_route=%2Fwp%2Fv2%2Fcomments&post=1283"}],"version-history":[{"count":11,"href":"https:\/\/sk08.de\/index.php?rest_route=\/wp\/v2\/pages\/1283\/revisions"}],"predecessor-version":[{"id":1528,"href":"https:\/\/sk08.de\/index.php?rest_route=\/wp\/v2\/pages\/1283\/revisions\/1528"}],"wp:attachment":[{"href":"https:\/\/sk08.de\/index.php?rest_route=%2Fwp%2Fv2%2Fmedia&parent=1283"}],"curies":[{"name":"wp","href":"https:\/\/api.w.org\/{rel}","templated":true}]}}