{"id":1320,"date":"2017-02-19T18:01:58","date_gmt":"2017-02-19T17:01:58","guid":{"rendered":"http:\/\/sk08.de\/?page_id=1320"},"modified":"2024-09-24T20:35:30","modified_gmt":"2024-09-24T19:35:30","slug":"impressum","status":"publish","type":"page","link":"https:\/\/sk08.de\/?page_id=1320","title":{"rendered":"Impressum \/ Datenschutz"},"content":{"rendered":"<p>Sch\u00fctzenkreis R\u00fcder-Mulde e. V.<\/p>\n<p>Vorstand: Siegmar D\u00f6rschel, K\u00f6nigsbr\u00fccker Str. 4a, 01561 Sch\u00f6nfeld<\/p>\n<p>Eingetragen im Amtsgericht Dresden &#8211; Vereinsregister VR-Nr.: 10878<\/p>\n<p>Bankverbindung: Sparkasse Mei\u00dfen DE43 8505 5000 3000 0056 08<\/p>\n<p>&nbsp;<\/p>\n<p>&nbsp;<\/p>\n","protected":false},"excerpt":{"rendered":"<p>Sch\u00fctzenkreis R\u00fcder-Mulde e. V. Vorstand: Siegmar D\u00f6rschel, K\u00f6nigsbr\u00fccker Str. 4a, 01561 Sch\u00f6nfeld Eingetragen im Amtsgericht Dresden &#8211; Vereinsregister VR-Nr.: 10878 Bankverbindung: Sparkasse Mei\u00dfen DE43 8505 5000 3000 0056 08 &nbsp; &nbsp;<\/p>\n","protected":false},"author":1,"featured_media":0,"parent":0,"menu_order":0,"comment_status":"closed","ping_status":"closed","template":"","meta":{"footnotes":""},"class_list":["post-1320","page","type-page","status-publish","hentry"],"_links":{"self":[{"href":"https:\/\/sk08.de\/index.php?rest_route=\/wp\/v2\/pages\/1320","targetHints":{"allow":["GET"]}}],"collection":[{"href":"https:\/\/sk08.de\/index.php?rest_route=\/wp\/v2\/pages"}],"about":[{"href":"https:\/\/sk08.de\/index.php?rest_route=\/wp\/v2\/types\/page"}],"author":[{"embeddable":true,"href":"https:\/\/sk08.de\/index.php?rest_route=\/wp\/v2\/users\/1"}],"replies":[{"embeddable":true,"href":"https:\/\/sk08.de\/index.php?rest_route=%2Fwp%2Fv2%2Fcomments&post=1320"}],"version-history":[{"count":4,"href":"https:\/\/sk08.de\/index.php?rest_route=\/wp\/v2\/pages\/1320\/revisions"}],"predecessor-version":[{"id":1521,"href":"https:\/\/sk08.de\/index.php?rest_route=\/wp\/v2\/pages\/1320\/revisions\/1521"}],"wp:attachment":[{"href":"https:\/\/sk08.de\/index.php?rest_route=%2Fwp%2Fv2%2Fmedia&parent=1320"}],"curies":[{"name":"wp","href":"https:\/\/api.w.org\/{rel}","templated":true}]}}